{"id":3471,"date":"2016-02-16T22:21:07","date_gmt":"2016-02-17T04:21:07","guid":{"rendered":"https:\/\/www.jbmplasticsurgery.com\/levantamiento-lifting-o-lipectomia-de-muslos-costa-rica\/"},"modified":"2025-07-24T12:37:22","modified_gmt":"2025-07-24T18:37:22","slug":"thigh-lift-costa-rica","status":"publish","type":"page","link":"https:\/\/www.jbmplasticsurgery.com\/en\/thigh-lift-costa-rica\/","title":{"rendered":"Thigh Lift in Costa Rica"},"content":{"rendered":"\t\t<div data-elementor-type=\"wp-page\" data-elementor-id=\"3471\" class=\"elementor elementor-3471 elementor-416\" data-elementor-post-type=\"page\">\n\t\t\t\t<div class=\"elementor-element elementor-element-18f3bfc e-con-full e-flex e-con e-parent\" data-id=\"18f3bfc\" data-element_type=\"container\" data-settings=\"{&quot;background_background&quot;:&quot;classic&quot;,&quot;background_motion_fx_motion_fx_scrolling&quot;:&quot;yes&quot;,&quot;background_motion_fx_translateY_effect&quot;:&quot;yes&quot;,&quot;background_motion_fx_translateY_speed&quot;:{&quot;unit&quot;:&quot;px&quot;,&quot;size&quot;:10,&quot;sizes&quot;:[]},&quot;background_motion_fx_translateY_affectedRange&quot;:{&quot;unit&quot;:&quot;%&quot;,&quot;size&quot;:&quot;&quot;,&quot;sizes&quot;:{&quot;start&quot;:0,&quot;end&quot;:100}},&quot;background_motion_fx_devices&quot;:[&quot;desktop&quot;,&quot;tablet&quot;,&quot;mobile&quot;]}\">\n\t\t\t\t<div class=\"elementor-element elementor-element-643ecd7 elementor-widget elementor-widget-heading\" data-id=\"643ecd7\" data-element_type=\"widget\" data-widget_type=\"heading.default\">\n\t\t\t\t<div class=\"elementor-widget-container\">\n\t\t\t\t\t<h1 class=\"elementor-heading-title elementor-size-default\">Thigh Lift in Costa Rica<\/h1>\t\t\t\t<\/div>\n\t\t\t\t<\/div>\n\t\t\t\t<\/div>\n\t\t<div class=\"elementor-element elementor-element-8b80b1e e-flex e-con-boxed e-con e-parent\" data-id=\"8b80b1e\" data-element_type=\"container\">\n\t\t\t\t\t<div class=\"e-con-inner\">\n\t\t<div class=\"elementor-element elementor-element-922eed9 e-con-full e-flex e-con e-child\" data-id=\"922eed9\" data-element_type=\"container\">\n\t\t\t\t<div class=\"elementor-element elementor-element-f92ed12 elementor-widget elementor-widget-heading\" data-id=\"f92ed12\" data-element_type=\"widget\" data-widget_type=\"heading.default\">\n\t\t\t\t<div class=\"elementor-widget-container\">\n\t\t\t\t\t<h4 class=\"elementor-heading-title elementor-size-default\">WHAT IS THIGH LIFT?<\/h4>\t\t\t\t<\/div>\n\t\t\t\t<\/div>\n\t\t\t\t<\/div>\n\t\t<div class=\"elementor-element elementor-element-d75a8ab e-con-full e-flex e-con e-child\" data-id=\"d75a8ab\" data-element_type=\"container\">\n\t\t\t\t<div class=\"elementor-element elementor-element-31a5552 elementor-widget elementor-widget-image\" data-id=\"31a5552\" data-element_type=\"widget\" data-widget_type=\"image.default\">\n\t\t\t\t<div class=\"elementor-widget-container\">\n\t\t\t\t\t\t\t\t\t\t\t\t\t\t\t<img fetchpriority=\"high\" decoding=\"async\" width=\"300\" height=\"260\" src=\"https:\/\/www.jbmplasticsurgery.com\/wp-content\/uploads\/2016\/02\/cirugia-corporal-levantamiento-de-muslo-costa-rica-300x260.jpg\" class=\"attachment-medium size-medium wp-image-3065\" alt=\"\" srcset=\"https:\/\/www.jbmplasticsurgery.com\/wp-content\/uploads\/2016\/02\/cirugia-corporal-levantamiento-de-muslo-costa-rica-300x260.jpg 300w, https:\/\/www.jbmplasticsurgery.com\/wp-content\/uploads\/2016\/02\/cirugia-corporal-levantamiento-de-muslo-costa-rica-768x665.jpg 768w, https:\/\/www.jbmplasticsurgery.com\/wp-content\/uploads\/2016\/02\/cirugia-corporal-levantamiento-de-muslo-costa-rica.jpg 1024w\" sizes=\"(max-width: 300px) 100vw, 300px\" \/>\t\t\t\t\t\t\t\t\t\t\t\t\t\t\t<\/div>\n\t\t\t\t<\/div>\n\t\t\t\t<\/div>\n\t\t\t\t\t<\/div>\n\t\t\t\t<\/div>\n\t\t<div class=\"elementor-element elementor-element-783500ff e-flex e-con-boxed e-con e-parent\" data-id=\"783500ff\" data-element_type=\"container\">\n\t\t\t\t\t<div class=\"e-con-inner\">\n\t\t\t\t<div class=\"elementor-element elementor-element-6b89a91f elementor-widget elementor-widget-text-editor\" data-id=\"6b89a91f\" data-element_type=\"widget\" data-widget_type=\"text-editor.default\">\n\t\t\t\t<div class=\"elementor-widget-container\">\n\t\t\t\t\t\t\t\t\t<div><div><p>The surgery known as thigh lipectomy is a procedure to remove loose skin of the thighs. When weight loss is successful and excessive it can cause flabby skin of the inner thighs. The constant rubbing on the inside of the thighs can cause irritation and skin infections, etc., and interfere with personal hygiene. It may also hinder the dressing which will cause psychosocial concerns because of the disfigured appearance.<\/p><\/div><\/div><div class=\"wpb_text_column wpb_content_element\"><div class=\"wpb_wrapper\"><h4>Thigh Lift or Thighplasty:<\/h4><div id=\"content\" class=\"content_full_width\"><p>Comfort and appearance may be improved with plastic surgery, in this case, the thigh lipectomy .\u00a0The thigh lift involves resection of abundant tissue in the thigh. The excess tissue in the thighs can be extended to the buttocks and the back of the thigh. To remove the excess skin and fatty tissue of the inner thigh using incisions those are placed parallel to the folds of the groins. The thigh lift is usually performed on the inner surface of the thighs, but may include the outer and buttocks if the doctor deems necessary.<\/p><h4>Risks:<\/h4><p>The decision to undergo surgery thigh lift is extremely personal and will have to decide if the benefits will achieve your goals and if the risks and potential complications are acceptable. Your plastic surgeon and \/ or staff will explain in detail the risks associated with surgery. You will be asked to sign consent forms to ensure that you fully understand the procedure you will undergo and the risks and potential complications.<\/p><p>Su cirujano pl\u00e1stico y\/o personal le explicar\u00e1 en detalle los riesgos asociados con la cirug\u00eda. Se le pedir\u00e1 que firme formularios de consentimiento para asegurar que usted entiende completamente el procedimiento que se someter\u00e1 y los riesgos y complicaciones potenciales.<\/p><h4>Possible risks of thigh lift surgery include:<\/h4><ul><li>Unfavorable scars: thigh incisions usually stretch during the healing process.<\/li><li>Bleeding (hematoma)<\/li><li>Infection<\/li><li>Accumulation of fluid<\/li><li>Poor wound healing<\/li><li>Loss of skin<\/li><li>Numbness or other changes in skin sensitivity<\/li><li>Risks of anesthesia<\/li><li>Skin discoloration and \/ or inflammation<\/li><li>Fatty tissue found deep in the skin might die<\/li><li>Major wound separation (dehiscence)<\/li><li>Asymmetry<\/li><li>Pain, which may persist<\/li><li>Unsatisfactory results such as highly visible surgical scar location, unacceptable visible deformities, bunching and rippling in the skin near the suture lines or at the ends of the incisions<\/li><li>The recurrent looseness of skin<\/li><li>The sutures may arise spontaneously through the skin, become visible or produce irritation that require removal<\/li><li>Possibility of revision surgery<\/li><\/ul><p>\u00a0<\/p><p>The post-operative care of a thigh lipectomy includes frequent cleaning of the wound, antibiotics, use compressive belts or clothing for at least two weeks and lots of rest because you cannot perform strenuous activities. Micropore \u00ae should be used for no rubbing or friction points directly to the wound with dressing while protecting the wound.<\/p><p>The decision to undergo thigh lift surgery is extremely personal, and you&#8217;ll need to decide whether the benefits it will achieve your goals and whether the potential risks and complications are acceptable.<\/p><\/div><\/div><\/div>\t\t\t\t\t\t\t\t<\/div>\n\t\t\t\t<\/div>\n\t\t\t\t\t<\/div>\n\t\t\t\t<\/div>\n\t\t\t\t<\/div>\n\t\t","protected":false},"excerpt":{"rendered":"<p>Thigh Lift in Costa Rica WHAT IS THIGH LIFT? The surgery known as thigh lipectomy is a procedure to remove loose skin of the thighs. When weight loss is successful and excessive it can cause flabby skin of the inner thighs. The constant rubbing on the inside of the thighs can cause irritation and skin [&hellip;]<\/p>\n","protected":false},"author":1,"featured_media":0,"parent":0,"menu_order":0,"comment_status":"closed","ping_status":"closed","template":"","meta":{"footnotes":""},"class_list":["post-3471","page","type-page","status-publish","hentry"],"yoast_head":"<!-- This site is optimized with the Yoast SEO plugin v27.5 - https:\/\/yoast.com\/product\/yoast-seo-wordpress\/ -->\n<title>Thigh Lift in Costa Rica | JBM Plastic Surgery<\/title>\n<meta name=\"robots\" content=\"index, follow, max-snippet:-1, max-image-preview:large, max-video-preview:-1\" \/>\n<link rel=\"canonical\" href=\"https:\/\/www.jbmplasticsurgery.com\/en\/thigh-lift-costa-rica\/\" \/>\n<meta property=\"og:locale\" content=\"en_US\" \/>\n<meta property=\"og:type\" content=\"article\" \/>\n<meta property=\"og:title\" content=\"Thigh Lift in Costa Rica | JBM Plastic Surgery\" \/>\n<meta property=\"og:description\" content=\"Thigh Lift in Costa Rica WHAT IS THIGH LIFT? The surgery known as thigh lipectomy is a procedure to remove loose skin of the thighs. When weight loss is successful and excessive it can cause flabby skin of the inner thighs. The constant rubbing on the inside of the thighs can cause irritation and skin [&hellip;]\" \/>\n<meta property=\"og:url\" content=\"https:\/\/www.jbmplasticsurgery.com\/en\/thigh-lift-costa-rica\/\" \/>\n<meta property=\"og:site_name\" content=\"JBM\" \/>\n<meta property=\"article:modified_time\" content=\"2025-07-24T18:37:22+00:00\" \/>\n<meta property=\"og:image\" content=\"https:\/\/www.jbmplasticsurgery.com\/wp-content\/uploads\/2016\/02\/cirugia-corporal-levantamiento-de-muslo-costa-rica.jpg\" \/>\n\t<meta property=\"og:image:width\" content=\"1024\" \/>\n\t<meta property=\"og:image:height\" content=\"886\" \/>\n\t<meta property=\"og:image:type\" content=\"image\/jpeg\" \/>\n<meta name=\"twitter:card\" content=\"summary_large_image\" \/>\n<meta name=\"twitter:label1\" content=\"Est. reading time\" \/>\n\t<meta name=\"twitter:data1\" content=\"3 minutes\" \/>\n<script type=\"application\/ld+json\" class=\"yoast-schema-graph\">{\"@context\":\"https:\\\/\\\/schema.org\",\"@graph\":[{\"@type\":\"WebPage\",\"@id\":\"https:\\\/\\\/www.jbmplasticsurgery.com\\\/en\\\/thigh-lift-costa-rica\\\/\",\"url\":\"https:\\\/\\\/www.jbmplasticsurgery.com\\\/en\\\/thigh-lift-costa-rica\\\/\",\"name\":\"Thigh Lift in Costa Rica | JBM Plastic Surgery\",\"isPartOf\":{\"@id\":\"https:\\\/\\\/www.jbmplasticsurgery.com\\\/en\\\/#website\"},\"primaryImageOfPage\":{\"@id\":\"https:\\\/\\\/www.jbmplasticsurgery.com\\\/en\\\/thigh-lift-costa-rica\\\/#primaryimage\"},\"image\":{\"@id\":\"https:\\\/\\\/www.jbmplasticsurgery.com\\\/en\\\/thigh-lift-costa-rica\\\/#primaryimage\"},\"thumbnailUrl\":\"https:\\\/\\\/www.jbmplasticsurgery.com\\\/wp-content\\\/uploads\\\/2016\\\/02\\\/cirugia-corporal-levantamiento-de-muslo-costa-rica-300x260.jpg\",\"datePublished\":\"2016-02-17T04:21:07+00:00\",\"dateModified\":\"2025-07-24T18:37:22+00:00\",\"breadcrumb\":{\"@id\":\"https:\\\/\\\/www.jbmplasticsurgery.com\\\/en\\\/thigh-lift-costa-rica\\\/#breadcrumb\"},\"inLanguage\":\"en-US\",\"potentialAction\":[{\"@type\":\"ReadAction\",\"target\":[\"https:\\\/\\\/www.jbmplasticsurgery.com\\\/en\\\/thigh-lift-costa-rica\\\/\"]}]},{\"@type\":\"ImageObject\",\"inLanguage\":\"en-US\",\"@id\":\"https:\\\/\\\/www.jbmplasticsurgery.com\\\/en\\\/thigh-lift-costa-rica\\\/#primaryimage\",\"url\":\"https:\\\/\\\/www.jbmplasticsurgery.com\\\/wp-content\\\/uploads\\\/2016\\\/02\\\/cirugia-corporal-levantamiento-de-muslo-costa-rica-300x260.jpg\",\"contentUrl\":\"https:\\\/\\\/www.jbmplasticsurgery.com\\\/wp-content\\\/uploads\\\/2016\\\/02\\\/cirugia-corporal-levantamiento-de-muslo-costa-rica-300x260.jpg\"},{\"@type\":\"BreadcrumbList\",\"@id\":\"https:\\\/\\\/www.jbmplasticsurgery.com\\\/en\\\/thigh-lift-costa-rica\\\/#breadcrumb\",\"itemListElement\":[{\"@type\":\"ListItem\",\"position\":1,\"name\":\"Home\",\"item\":\"https:\\\/\\\/www.jbmplasticsurgery.com\\\/en\\\/\"},{\"@type\":\"ListItem\",\"position\":2,\"name\":\"Thigh Lift in Costa Rica\"}]},{\"@type\":\"WebSite\",\"@id\":\"https:\\\/\\\/www.jbmplasticsurgery.com\\\/en\\\/#website\",\"url\":\"https:\\\/\\\/www.jbmplasticsurgery.com\\\/en\\\/\",\"name\":\"JBM\",\"description\":\"Plastic &amp; Reconstructive\",\"potentialAction\":[{\"@type\":\"SearchAction\",\"target\":{\"@type\":\"EntryPoint\",\"urlTemplate\":\"https:\\\/\\\/www.jbmplasticsurgery.com\\\/en\\\/?s={search_term_string}\"},\"query-input\":{\"@type\":\"PropertyValueSpecification\",\"valueRequired\":true,\"valueName\":\"search_term_string\"}}],\"inLanguage\":\"en-US\"}]}<\/script>\n<!-- \/ Yoast SEO plugin. -->","yoast_head_json":{"title":"Thigh Lift in Costa Rica | JBM Plastic Surgery","robots":{"index":"index","follow":"follow","max-snippet":"max-snippet:-1","max-image-preview":"max-image-preview:large","max-video-preview":"max-video-preview:-1"},"canonical":"https:\/\/www.jbmplasticsurgery.com\/en\/thigh-lift-costa-rica\/","og_locale":"en_US","og_type":"article","og_title":"Thigh Lift in Costa Rica | JBM Plastic Surgery","og_description":"Thigh Lift in Costa Rica WHAT IS THIGH LIFT? The surgery known as thigh lipectomy is a procedure to remove loose skin of the thighs. When weight loss is successful and excessive it can cause flabby skin of the inner thighs. The constant rubbing on the inside of the thighs can cause irritation and skin [&hellip;]","og_url":"https:\/\/www.jbmplasticsurgery.com\/en\/thigh-lift-costa-rica\/","og_site_name":"JBM","article_modified_time":"2025-07-24T18:37:22+00:00","og_image":[{"width":1024,"height":886,"url":"https:\/\/www.jbmplasticsurgery.com\/wp-content\/uploads\/2016\/02\/cirugia-corporal-levantamiento-de-muslo-costa-rica.jpg","type":"image\/jpeg"}],"twitter_card":"summary_large_image","twitter_misc":{"Est. reading time":"3 minutes"},"schema":{"@context":"https:\/\/schema.org","@graph":[{"@type":"WebPage","@id":"https:\/\/www.jbmplasticsurgery.com\/en\/thigh-lift-costa-rica\/","url":"https:\/\/www.jbmplasticsurgery.com\/en\/thigh-lift-costa-rica\/","name":"Thigh Lift in Costa Rica | JBM Plastic Surgery","isPartOf":{"@id":"https:\/\/www.jbmplasticsurgery.com\/en\/#website"},"primaryImageOfPage":{"@id":"https:\/\/www.jbmplasticsurgery.com\/en\/thigh-lift-costa-rica\/#primaryimage"},"image":{"@id":"https:\/\/www.jbmplasticsurgery.com\/en\/thigh-lift-costa-rica\/#primaryimage"},"thumbnailUrl":"https:\/\/www.jbmplasticsurgery.com\/wp-content\/uploads\/2016\/02\/cirugia-corporal-levantamiento-de-muslo-costa-rica-300x260.jpg","datePublished":"2016-02-17T04:21:07+00:00","dateModified":"2025-07-24T18:37:22+00:00","breadcrumb":{"@id":"https:\/\/www.jbmplasticsurgery.com\/en\/thigh-lift-costa-rica\/#breadcrumb"},"inLanguage":"en-US","potentialAction":[{"@type":"ReadAction","target":["https:\/\/www.jbmplasticsurgery.com\/en\/thigh-lift-costa-rica\/"]}]},{"@type":"ImageObject","inLanguage":"en-US","@id":"https:\/\/www.jbmplasticsurgery.com\/en\/thigh-lift-costa-rica\/#primaryimage","url":"https:\/\/www.jbmplasticsurgery.com\/wp-content\/uploads\/2016\/02\/cirugia-corporal-levantamiento-de-muslo-costa-rica-300x260.jpg","contentUrl":"https:\/\/www.jbmplasticsurgery.com\/wp-content\/uploads\/2016\/02\/cirugia-corporal-levantamiento-de-muslo-costa-rica-300x260.jpg"},{"@type":"BreadcrumbList","@id":"https:\/\/www.jbmplasticsurgery.com\/en\/thigh-lift-costa-rica\/#breadcrumb","itemListElement":[{"@type":"ListItem","position":1,"name":"Home","item":"https:\/\/www.jbmplasticsurgery.com\/en\/"},{"@type":"ListItem","position":2,"name":"Thigh Lift in Costa Rica"}]},{"@type":"WebSite","@id":"https:\/\/www.jbmplasticsurgery.com\/en\/#website","url":"https:\/\/www.jbmplasticsurgery.com\/en\/","name":"JBM","description":"Plastic &amp; Reconstructive","potentialAction":[{"@type":"SearchAction","target":{"@type":"EntryPoint","urlTemplate":"https:\/\/www.jbmplasticsurgery.com\/en\/?s={search_term_string}"},"query-input":{"@type":"PropertyValueSpecification","valueRequired":true,"valueName":"search_term_string"}}],"inLanguage":"en-US"}]}},"_links":{"self":[{"href":"https:\/\/www.jbmplasticsurgery.com\/en\/wp-json\/wp\/v2\/pages\/3471","targetHints":{"allow":["GET"]}}],"collection":[{"href":"https:\/\/www.jbmplasticsurgery.com\/en\/wp-json\/wp\/v2\/pages"}],"about":[{"href":"https:\/\/www.jbmplasticsurgery.com\/en\/wp-json\/wp\/v2\/types\/page"}],"author":[{"embeddable":true,"href":"https:\/\/www.jbmplasticsurgery.com\/en\/wp-json\/wp\/v2\/users\/1"}],"replies":[{"embeddable":true,"href":"https:\/\/www.jbmplasticsurgery.com\/en\/wp-json\/wp\/v2\/comments?post=3471"}],"version-history":[{"count":13,"href":"https:\/\/www.jbmplasticsurgery.com\/en\/wp-json\/wp\/v2\/pages\/3471\/revisions"}],"predecessor-version":[{"id":3485,"href":"https:\/\/www.jbmplasticsurgery.com\/en\/wp-json\/wp\/v2\/pages\/3471\/revisions\/3485"}],"wp:attachment":[{"href":"https:\/\/www.jbmplasticsurgery.com\/en\/wp-json\/wp\/v2\/media?parent=3471"}],"curies":[{"name":"wp","href":"https:\/\/api.w.org\/{rel}","templated":true}]}}